{"id":239,"date":"2024-07-23T17:42:47","date_gmt":"2024-07-23T15:42:47","guid":{"rendered":"https:\/\/populosfilms.com\/sala\/?page_id=239"},"modified":"2024-07-23T17:42:47","modified_gmt":"2024-07-23T15:42:47","slug":"aviso-legal","status":"publish","type":"page","link":"https:\/\/populosfilms.com\/sala\/aviso-legal\/","title":{"rendered":"Aviso legal"},"content":{"rendered":"\n<h4 class=\"wp-block-heading\" id=\"identificacin-y-titularidad\">Identificaci\u00f3n y Titularidad<\/h4>\n\n\n\n<p>En cumplimiento del art\u00edculo 10 de la Ley 34 \/ 2002, de 11 de julio, de Servicios de la Sociedad de la Informaci\u00f3n y Comercio Electr\u00f3nico, el Titular expone sus datos identificativos.<\/p>\n\n\n\n<ul class=\"wp-block-list\">\n<li><strong>Titular:<\/strong>&nbsp;P\u00f3pulos Films SL<\/li>\n\n\n\n<li><strong>Registro mercantil:<\/strong>&nbsp;&nbsp;Tomo 42835, folio 160, inscripci\u00f3n 1 con hoja M-757361<\/li>\n\n\n\n<li><strong>NIF:<\/strong>&nbsp;B67751503<\/li>\n\n\n\n<li><strong>Domicilio:&nbsp;<\/strong>Calle Higueras, 21 28223 Pozuelo de Alarc\u00f3n, Madrid<\/li>\n\n\n\n<li><strong>Correo electr\u00f3nico:<\/strong>\u00a0info@populosfilms.com<\/li>\n\n\n\n<li><strong>Sitio Web<\/strong>\u00a0<a href=\"https:\/\/www.populosfilms.com\/\" target=\"_blank\" rel=\"noreferrer noopener\">https:\/\/www.populosfilms.com\/<\/a><\/li>\n<\/ul>\n\n\n\n<p><\/p>\n\n\n\n<h4 class=\"wp-block-heading\" id=\"finalidad\">Finalidad<\/h4>\n\n\n\n<p>La finalidad del sitio Web https:\/\/www.populosfilms.com\/sala es\u00a0el alquiler de las pel\u00edculas producidas por la productora.<\/p>\n\n\n\n<p><\/p>\n\n\n\n<h4 class=\"wp-block-heading\" id=\"condiciones-de-uso\">Condiciones de Uso<\/h4>\n\n\n\n<p>La utilizaci\u00f3n del sitio Web le otorga la condici\u00f3n de Usuario, e implica la aceptaci\u00f3n completa de todas las cl\u00e1usulas y condiciones de uso incluidas en las p\u00e1ginas:<\/p>\n\n\n\n<ul class=\"wp-block-list\">\n<li>Aviso Legal<\/li>\n\n\n\n<li>Pol\u00edtica de Privacidad<\/li>\n\n\n\n<li>Pol\u00edtica de Cookies<\/li>\n<\/ul>\n\n\n\n<p>Si no estuviera conforme con todas y cada una de estas cl\u00e1usulas y condiciones abst\u00e9ngase de utilizar este sitio Web.<\/p>\n\n\n\n<p>El acceso a este sitio Web no supone, en modo alguno, el inicio de una relaci\u00f3n comercial con el Titular.<\/p>\n\n\n\n<p>A trav\u00e9s de este sitio Web, el Titular le facilita el acceso y la utilizaci\u00f3n de diversos contenidos que el Titular o sus colaboradores han publicado por medio de Internet.<\/p>\n\n\n\n<p>A tal efecto, usted est\u00e1 obligado y comprometido a NO utilizar cualquiera de los contenidos del sitio Web con fines o efectos il\u00edcitos, prohibidos en este Aviso Legal o por la legislaci\u00f3n vigente, lesivos de los derechos e intereses de terceros, o que de cualquier forma puedan da\u00f1ar, inutilizar, sobrecargar, deteriorar o impedir la normal utilizaci\u00f3n de los contenidos, los equipos inform\u00e1ticos o los documentos, archivos y toda clase de contenidos almacenados en cualquier equipo inform\u00e1tico propios o contratados por el Titular, de otros usuarios o de cualquier usuario de Internet.<\/p>\n","protected":false},"excerpt":{"rendered":"<p>Identificaci\u00f3n y Titularidad En cumplimiento del art\u00edculo 10 de la Ley 34 \/ 2002, de 11 de julio, de Servicios de la Sociedad de la Informaci\u00f3n y Comercio Electr\u00f3nico, el Titular expone sus datos identificativos. Finalidad La finalidad del sitio Web https:\/\/www.populosfilms.com\/sala es\u00a0el alquiler de las pel\u00edculas producidas por la productora. Condiciones de Uso La [&hellip;]<\/p>\n","protected":false},"author":1,"featured_media":0,"parent":0,"menu_order":0,"comment_status":"closed","ping_status":"closed","template":"","meta":{"footnotes":""},"class_list":["post-239","page","type-page","status-publish","hentry"],"_links":{"self":[{"href":"https:\/\/populosfilms.com\/sala\/wp-json\/wp\/v2\/pages\/239","targetHints":{"allow":["GET"]}}],"collection":[{"href":"https:\/\/populosfilms.com\/sala\/wp-json\/wp\/v2\/pages"}],"about":[{"href":"https:\/\/populosfilms.com\/sala\/wp-json\/wp\/v2\/types\/page"}],"author":[{"embeddable":true,"href":"https:\/\/populosfilms.com\/sala\/wp-json\/wp\/v2\/users\/1"}],"replies":[{"embeddable":true,"href":"https:\/\/populosfilms.com\/sala\/wp-json\/wp\/v2\/comments?post=239"}],"version-history":[{"count":1,"href":"https:\/\/populosfilms.com\/sala\/wp-json\/wp\/v2\/pages\/239\/revisions"}],"predecessor-version":[{"id":240,"href":"https:\/\/populosfilms.com\/sala\/wp-json\/wp\/v2\/pages\/239\/revisions\/240"}],"wp:attachment":[{"href":"https:\/\/populosfilms.com\/sala\/wp-json\/wp\/v2\/media?parent=239"}],"curies":[{"name":"wp","href":"https:\/\/api.w.org\/{rel}","templated":true}]}}