{"id":36,"date":"2024-05-29T12:51:31","date_gmt":"2024-05-29T12:51:31","guid":{"rendered":"http:\/\/sala.populosfilms.com\/front_page\/"},"modified":"2024-08-06T22:34:40","modified_gmt":"2024-08-06T20:34:40","slug":"front_page","status":"publish","type":"page","link":"https:\/\/populosfilms.com\/sala\/","title":{"rendered":"Home"},"content":{"rendered":"\n<p>Somos una productora de cine independiente que apuesta por la calidad narrativa y la excelencia t\u00e9cnica. Nuestro modelo de producci\u00f3n se basa en reducir los riesgos de inversi\u00f3n, contando historias que se pueden realizar con recursos m\u00ednimos, sin que el p\u00fablico repare en el presupuesto.<\/p>\n\n\n\n<p>Este enfoque nos ha permitido crear cortometrajes rentables, donde tanto los equipos t\u00e9cnicos como art\u00edsticos han recibido su merecida remuneraci\u00f3n. Con nuestro lema \u00abBuenas historias bien contadas\u00bb, nos enfocamos en la calidad de la historia, la pureza de las interpretaciones y el cuidado t\u00e9cnico en cada proyecto.<\/p>\n\n\n\n<p>En nuestra sala virtual, podr\u00e1s disfrutar de largometrajes y cortometrajes originales a precios accesibles de 1, 2 y 3 euros. Queremos que el buen cine est\u00e9 al alcance de todos y que cada espectador se quede pegado a la butaca con nuestras producciones.<\/p>\n\n\n\n<p>Explora nuestro cat\u00e1logo, alquila tus pel\u00edculas favoritas y d\u00e9jate llevar por la magia del cine independiente. <strong>\u00a1Entra a una forma distinta de vivir&nbsp;el&nbsp;cine&nbsp;indie!<\/strong><\/p>\n\n\n\n<div style=\"height:100px\" aria-hidden=\"true\" class=\"wp-block-spacer\"><\/div>\n\n\n\n<footer>\n        <a target=\"_blank\" href=\"aviso-legal\" rel=\"noopener\">Aviso legal<\/a> |\n        <a target=\"_blank\" href=\"politica-privacidad\" rel=\"noopener\">Pol\u00edtica de privacidad<\/a> |\n        <a target=\"_blank\" href=\"cancelacion-devolucion-y-reembolso\" rel=\"noopener\">Cancelaci\u00f3n, devoluci\u00f3n y reembolso<\/a> |\n        <a target=\"_blank\" href=\"seguridad-y-proteccion-a-compradores\" rel=\"noopener\">Seguridad y protecci\u00f3n a compradores<\/a>\n    <\/footer>\n","protected":false},"excerpt":{"rendered":"<p>Somos una productora de cine independiente que apuesta por la calidad narrativa y la excelencia t\u00e9cnica. Nuestro modelo de producci\u00f3n se basa en reducir los riesgos de inversi\u00f3n, contando historias que se pueden realizar con recursos m\u00ednimos, sin que el p\u00fablico repare en el presupuesto. Este enfoque nos ha permitido crear cortometrajes rentables, donde tanto [&hellip;]<\/p>\n","protected":false},"author":1,"featured_media":0,"parent":0,"menu_order":0,"comment_status":"closed","ping_status":"closed","template":"","meta":{"footnotes":""},"class_list":["post-36","page","type-page","status-publish","hentry"],"_links":{"self":[{"href":"https:\/\/populosfilms.com\/sala\/wp-json\/wp\/v2\/pages\/36","targetHints":{"allow":["GET"]}}],"collection":[{"href":"https:\/\/populosfilms.com\/sala\/wp-json\/wp\/v2\/pages"}],"about":[{"href":"https:\/\/populosfilms.com\/sala\/wp-json\/wp\/v2\/types\/page"}],"author":[{"embeddable":true,"href":"https:\/\/populosfilms.com\/sala\/wp-json\/wp\/v2\/users\/1"}],"replies":[{"embeddable":true,"href":"https:\/\/populosfilms.com\/sala\/wp-json\/wp\/v2\/comments?post=36"}],"version-history":[{"count":9,"href":"https:\/\/populosfilms.com\/sala\/wp-json\/wp\/v2\/pages\/36\/revisions"}],"predecessor-version":[{"id":370,"href":"https:\/\/populosfilms.com\/sala\/wp-json\/wp\/v2\/pages\/36\/revisions\/370"}],"wp:attachment":[{"href":"https:\/\/populosfilms.com\/sala\/wp-json\/wp\/v2\/media?parent=36"}],"curies":[{"name":"wp","href":"https:\/\/api.w.org\/{rel}","templated":true}]}}